{"id":1009,"date":"2017-07-11T14:53:16","date_gmt":"2017-07-11T12:53:16","guid":{"rendered":"http:\/\/www.silabtec.com\/?page_id=1009\/"},"modified":"2017-07-31T17:36:52","modified_gmt":"2017-07-31T15:36:52","slug":"accessoires","status":"publish","type":"page","link":"https:\/\/www.silabtec.com\/de\/accessoires\/","title":{"rendered":"Zubeh\u00f6r"},"content":{"rendered":"<div class=\"wpb-content-wrapper\">[vc_row][vc_column width=&#8220;1\/4&#8243;][mk_image src=&#8220;\/wp-content\/uploads\/2017\/04\/accessoires-statif.jpg&#8220; image_width=&#8220;320&#8243; image_height=&#8220;240&#8243; lightbox=&#8220;true&#8220; group=&#8220;sonde-axiale&#8220; title=&#8220;Stativ und Klammer&#8220; align=&#8220;center&#8220;][\/vc_column][vc_column width=&#8220;1\/4&#8243;][vc_column_text]Das Stativ und die Klammer werden verwendet, um die Sonotrode w\u00e4hrend des Verfahrens zu halten.<br \/>\nKennzeichen: Stahlplatte ca. 200 X 125mm,\u00a0H\u00f6he: ca. 600mm, Schaft D12mm[\/vc_column_text][\/vc_column][vc_column width=&#8220;1\/4&#8243;][mk_image src=&#8220;\/wp-content\/uploads\/2017\/04\/accessoires-pedale.jpg&#8220; image_width=&#8220;320&#8243; image_height=&#8220;240&#8243; lightbox=&#8220;true&#8220; group=&#8220;sonde-axiale&#8220; title=&#8220;Fu\u00dfpedal&#8220; align=&#8220;center&#8220;][\/vc_column][vc_column width=&#8220;1\/4&#8243;][vc_column_text]Das Fu\u00dfpedal erm\u00f6glicht es Ihnen, Ihre Versuche zu aktivieren w\u00e4hrend Ihre H\u00e4nde frei bleiben.[\/vc_column_text][\/vc_column][\/vc_row][vc_row][vc_column width=&#8220;1\/4&#8243;][mk_image src=&#8220;\/wp-content\/uploads\/2017\/04\/accessoires-support-elevateur.jpg&#8220; image_width=&#8220;320&#8243; image_height=&#8220;240&#8243; lightbox=&#8220;true&#8220; group=&#8220;sonde-axiale&#8220; title=&#8220;Hebeb\u00fchne&#8220; align=&#8220;center&#8220;][\/vc_column][vc_column width=&#8220;1\/4&#8243;][vc_column_text]Die Hebeb\u00fchne wird verwendet, um die Ausstattung auf eine pr\u00e4zise H\u00f6he einzustellen damit sichergestellt ist, dass die Sonotrode korrekt in die zu behandelnde Fl\u00fcssigkeit eingetaucht ist. Kennzeichen Hebeb\u00fchne: Abmessungen ca. 150x150x60mm, Hub ca. 200mm.[\/vc_column_text][\/vc_column][vc_column width=&#8220;1\/4&#8243;][mk_image src=&#8220;\/wp-content\/uploads\/2017\/04\/accessoires-caisson.jpg&#8220; image_width=&#8220;320&#8243; image_height=&#8220;240&#8243; lightbox=&#8220;true&#8220; group=&#8220;sonde-axiale&#8220; title=&#8220;Ger\u00e4uschd\u00e4mmkasten&#8220; align=&#8220;center&#8220;][\/vc_column][vc_column width=&#8220;1\/4&#8243;][vc_column_text]Dear Ger\u00e4uschd\u00e4mmkasten erm\u00f6glicht es, die Ger\u00e4uscheffekte w\u00e4hrend der Tests bedeutend zu verringern.<br \/>\nAbmessungen des Kastens (BxTxH): ca. 400 x 400 x 800 mm<br \/>\nKasten geliefert mit Stativ und Klammer.[\/vc_column_text][\/vc_column][\/vc_row][vc_row][vc_column width=&#8220;1\/4&#8243;][mk_image src=&#8220;\/wp-content\/uploads\/2017\/04\/accessoires-sonde-temperature.jpg&#8220; image_width=&#8220;320&#8243; image_height=&#8220;240&#8243; lightbox=&#8220;true&#8220; group=&#8220;sonde-axiale&#8220; title=&#8220;Temperaturf\u00fchler&#8220; align=&#8220;center&#8220;][\/vc_column][vc_column width=&#8220;1\/4&#8243;][vc_column_text]Mit der NexTgen LabPremium PC-Software verbunden, erm\u00f6glicht es diese, die Temperatur der Fl\u00fcssigkeit w\u00e4hrend des Verfahrens zu kontrollieren und das Verfahren temperaturabh\u00e4ngig zu steuern.[\/vc_column_text][\/vc_column][vc_column width=&#8220;1\/4&#8243;][\/vc_column][vc_column width=&#8220;1\/4&#8243;][\/vc_column][\/vc_row]\n<\/div>","protected":false},"excerpt":{"rendered":"<p>[vc_row][vc_column width=&#8220;1\/4&#8243;][mk_image src=&#8220;\/wp-content\/uploads\/2017\/04\/accessoires-statif.jpg&#8220; image_width=&#8220;320&#8243; image_height=&#8220;240&#8243; lightbox=&#8220;true&#8220; group=&#8220;sonde-axiale&#8220; title=&#8220;Stativ und Klammer&#8220; align=&#8220;center&#8220;][\/vc_column][vc_column width=&#8220;1\/4&#8243;][vc_column_text]Das Stativ und die Klammer werden verwendet, um die Sonotrode w\u00e4hrend des Verfahrens zu halten. Kennzeichen: Stahlplatte ca. 200 X 125mm,\u00a0H\u00f6he: ca. 600mm, Schaft D12mm[\/vc_column_text][\/vc_column][vc_column width=&#8220;1\/4&#8243;][mk_image src=&#8220;\/wp-content\/uploads\/2017\/04\/accessoires-pedale.jpg&#8220; image_width=&#8220;320&#8243; image_height=&#8220;240&#8243; lightbox=&#8220;true&#8220; group=&#8220;sonde-axiale&#8220; title=&#8220;Fu\u00dfpedal&#8220; align=&#8220;center&#8220;][\/vc_column][vc_column width=&#8220;1\/4&#8243;][vc_column_text]Das Fu\u00dfpedal erm\u00f6glicht es Ihnen, Ihre Versuche zu aktivieren w\u00e4hrend Ihre [&hellip;]<\/p>\n","protected":false},"author":1,"featured_media":0,"parent":0,"menu_order":0,"comment_status":"closed","ping_status":"closed","template":"","meta":{"footnotes":""},"class_list":["post-1009","page","type-page","status-publish","hentry"],"yoast_head":"<!-- This site is optimized with the Yoast SEO plugin v27.5 - https:\/\/yoast.com\/product\/yoast-seo-wordpress\/ -->\n<title>Zubeh\u00f6r - SilabTec<\/title>\n<meta name=\"robots\" content=\"index, follow, max-snippet:-1, max-image-preview:large, max-video-preview:-1\" \/>\n<link rel=\"canonical\" href=\"https:\/\/www.silabtec.com\/de\/accessoires\/\" \/>\n<meta property=\"og:locale\" content=\"de_DE\" \/>\n<meta property=\"og:type\" content=\"article\" \/>\n<meta property=\"og:title\" content=\"Zubeh\u00f6r - SilabTec\" \/>\n<meta property=\"og:description\" content=\"[vc_row][vc_column width=&#8220;1\/4&#8243;][mk_image src=&#8220;\/wp-content\/uploads\/2017\/04\/accessoires-statif.jpg&#8220; image_width=&#8220;320&#8243; image_height=&#8220;240&#8243; lightbox=&#8220;true&#8220; group=&#8220;sonde-axiale&#8220; title=&#8220;Stativ und Klammer&#8220; align=&#8220;center&#8220;][\/vc_column][vc_column width=&#8220;1\/4&#8243;][vc_column_text]Das Stativ und die Klammer werden verwendet, um die Sonotrode w\u00e4hrend des Verfahrens zu halten. Kennzeichen: Stahlplatte ca. 200 X 125mm,\u00a0H\u00f6he: ca. 600mm, Schaft D12mm[\/vc_column_text][\/vc_column][vc_column width=&#8220;1\/4&#8243;][mk_image src=&#8220;\/wp-content\/uploads\/2017\/04\/accessoires-pedale.jpg&#8220; image_width=&#8220;320&#8243; image_height=&#8220;240&#8243; lightbox=&#8220;true&#8220; group=&#8220;sonde-axiale&#8220; title=&#8220;Fu\u00dfpedal&#8220; align=&#8220;center&#8220;][\/vc_column][vc_column width=&#8220;1\/4&#8243;][vc_column_text]Das Fu\u00dfpedal erm\u00f6glicht es Ihnen, Ihre Versuche zu aktivieren w\u00e4hrend Ihre [&hellip;]\" \/>\n<meta property=\"og:url\" content=\"https:\/\/www.silabtec.com\/de\/accessoires\/\" \/>\n<meta property=\"og:site_name\" content=\"SilabTec\" \/>\n<meta property=\"article:modified_time\" content=\"2017-07-31T15:36:52+00:00\" \/>\n<meta name=\"twitter:card\" content=\"summary_large_image\" \/>\n<meta name=\"twitter:label1\" content=\"Gesch\u00e4tzte Lesezeit\" \/>\n\t<meta name=\"twitter:data1\" content=\"2\u00a0Minuten\" \/>\n<script type=\"application\/ld+json\" class=\"yoast-schema-graph\">{\"@context\":\"https:\\\/\\\/schema.org\",\"@graph\":[{\"@type\":\"WebPage\",\"@id\":\"https:\\\/\\\/www.silabtec.com\\\/de\\\/accessoires\\\/\",\"url\":\"https:\\\/\\\/www.silabtec.com\\\/de\\\/accessoires\\\/\",\"name\":\"Zubeh\u00f6r - SilabTec\",\"isPartOf\":{\"@id\":\"https:\\\/\\\/www.silabtec.com\\\/en\\\/#website\"},\"datePublished\":\"2017-07-11T12:53:16+00:00\",\"dateModified\":\"2017-07-31T15:36:52+00:00\",\"breadcrumb\":{\"@id\":\"https:\\\/\\\/www.silabtec.com\\\/de\\\/accessoires\\\/#breadcrumb\"},\"inLanguage\":\"de\",\"potentialAction\":[{\"@type\":\"ReadAction\",\"target\":[\"https:\\\/\\\/www.silabtec.com\\\/de\\\/accessoires\\\/\"]}]},{\"@type\":\"BreadcrumbList\",\"@id\":\"https:\\\/\\\/www.silabtec.com\\\/de\\\/accessoires\\\/#breadcrumb\",\"itemListElement\":[{\"@type\":\"ListItem\",\"position\":1,\"name\":\"Accueil\",\"item\":\"https:\\\/\\\/www.silabtec.com\\\/de\\\/\"},{\"@type\":\"ListItem\",\"position\":2,\"name\":\"Zubeh\u00f6r\"}]},{\"@type\":\"WebSite\",\"@id\":\"https:\\\/\\\/www.silabtec.com\\\/en\\\/#website\",\"url\":\"https:\\\/\\\/www.silabtec.com\\\/en\\\/\",\"name\":\"SilabTec\",\"description\":\"La technologie ultrason ma\u00eetris\u00e9e\",\"publisher\":{\"@id\":\"https:\\\/\\\/www.silabtec.com\\\/en\\\/#organization\"},\"potentialAction\":[{\"@type\":\"SearchAction\",\"target\":{\"@type\":\"EntryPoint\",\"urlTemplate\":\"https:\\\/\\\/www.silabtec.com\\\/en\\\/?s={search_term_string}\"},\"query-input\":{\"@type\":\"PropertyValueSpecification\",\"valueRequired\":true,\"valueName\":\"search_term_string\"}}],\"inLanguage\":\"de\"},{\"@type\":\"Organization\",\"@id\":\"https:\\\/\\\/www.silabtec.com\\\/en\\\/#organization\",\"name\":\"Sinaptec Lab\",\"url\":\"https:\\\/\\\/www.silabtec.com\\\/en\\\/\",\"logo\":{\"@type\":\"ImageObject\",\"inLanguage\":\"de\",\"@id\":\"https:\\\/\\\/www.silabtec.com\\\/en\\\/#\\\/schema\\\/logo\\\/image\\\/\",\"url\":\"https:\\\/\\\/www.silabtec.com\\\/wp-content\\\/uploads\\\/2017\\\/03\\\/logo-sinaptec-1.jpg\",\"contentUrl\":\"https:\\\/\\\/www.silabtec.com\\\/wp-content\\\/uploads\\\/2017\\\/03\\\/logo-sinaptec-1.jpg\",\"width\":300,\"height\":104,\"caption\":\"Sinaptec Lab\"},\"image\":{\"@id\":\"https:\\\/\\\/www.silabtec.com\\\/en\\\/#\\\/schema\\\/logo\\\/image\\\/\"}}]}<\/script>\n<!-- \/ Yoast SEO plugin. -->","yoast_head_json":{"title":"Zubeh\u00f6r - SilabTec","robots":{"index":"index","follow":"follow","max-snippet":"max-snippet:-1","max-image-preview":"max-image-preview:large","max-video-preview":"max-video-preview:-1"},"canonical":"https:\/\/www.silabtec.com\/de\/accessoires\/","og_locale":"de_DE","og_type":"article","og_title":"Zubeh\u00f6r - SilabTec","og_description":"[vc_row][vc_column width=&#8220;1\/4&#8243;][mk_image src=&#8220;\/wp-content\/uploads\/2017\/04\/accessoires-statif.jpg&#8220; image_width=&#8220;320&#8243; image_height=&#8220;240&#8243; lightbox=&#8220;true&#8220; group=&#8220;sonde-axiale&#8220; title=&#8220;Stativ und Klammer&#8220; align=&#8220;center&#8220;][\/vc_column][vc_column width=&#8220;1\/4&#8243;][vc_column_text]Das Stativ und die Klammer werden verwendet, um die Sonotrode w\u00e4hrend des Verfahrens zu halten. Kennzeichen: Stahlplatte ca. 200 X 125mm,\u00a0H\u00f6he: ca. 600mm, Schaft D12mm[\/vc_column_text][\/vc_column][vc_column width=&#8220;1\/4&#8243;][mk_image src=&#8220;\/wp-content\/uploads\/2017\/04\/accessoires-pedale.jpg&#8220; image_width=&#8220;320&#8243; image_height=&#8220;240&#8243; lightbox=&#8220;true&#8220; group=&#8220;sonde-axiale&#8220; title=&#8220;Fu\u00dfpedal&#8220; align=&#8220;center&#8220;][\/vc_column][vc_column width=&#8220;1\/4&#8243;][vc_column_text]Das Fu\u00dfpedal erm\u00f6glicht es Ihnen, Ihre Versuche zu aktivieren w\u00e4hrend Ihre [&hellip;]","og_url":"https:\/\/www.silabtec.com\/de\/accessoires\/","og_site_name":"SilabTec","article_modified_time":"2017-07-31T15:36:52+00:00","twitter_card":"summary_large_image","twitter_misc":{"Gesch\u00e4tzte Lesezeit":"2\u00a0Minuten"},"schema":{"@context":"https:\/\/schema.org","@graph":[{"@type":"WebPage","@id":"https:\/\/www.silabtec.com\/de\/accessoires\/","url":"https:\/\/www.silabtec.com\/de\/accessoires\/","name":"Zubeh\u00f6r - SilabTec","isPartOf":{"@id":"https:\/\/www.silabtec.com\/en\/#website"},"datePublished":"2017-07-11T12:53:16+00:00","dateModified":"2017-07-31T15:36:52+00:00","breadcrumb":{"@id":"https:\/\/www.silabtec.com\/de\/accessoires\/#breadcrumb"},"inLanguage":"de","potentialAction":[{"@type":"ReadAction","target":["https:\/\/www.silabtec.com\/de\/accessoires\/"]}]},{"@type":"BreadcrumbList","@id":"https:\/\/www.silabtec.com\/de\/accessoires\/#breadcrumb","itemListElement":[{"@type":"ListItem","position":1,"name":"Accueil","item":"https:\/\/www.silabtec.com\/de\/"},{"@type":"ListItem","position":2,"name":"Zubeh\u00f6r"}]},{"@type":"WebSite","@id":"https:\/\/www.silabtec.com\/en\/#website","url":"https:\/\/www.silabtec.com\/en\/","name":"SilabTec","description":"La technologie ultrason ma\u00eetris\u00e9e","publisher":{"@id":"https:\/\/www.silabtec.com\/en\/#organization"},"potentialAction":[{"@type":"SearchAction","target":{"@type":"EntryPoint","urlTemplate":"https:\/\/www.silabtec.com\/en\/?s={search_term_string}"},"query-input":{"@type":"PropertyValueSpecification","valueRequired":true,"valueName":"search_term_string"}}],"inLanguage":"de"},{"@type":"Organization","@id":"https:\/\/www.silabtec.com\/en\/#organization","name":"Sinaptec Lab","url":"https:\/\/www.silabtec.com\/en\/","logo":{"@type":"ImageObject","inLanguage":"de","@id":"https:\/\/www.silabtec.com\/en\/#\/schema\/logo\/image\/","url":"https:\/\/www.silabtec.com\/wp-content\/uploads\/2017\/03\/logo-sinaptec-1.jpg","contentUrl":"https:\/\/www.silabtec.com\/wp-content\/uploads\/2017\/03\/logo-sinaptec-1.jpg","width":300,"height":104,"caption":"Sinaptec Lab"},"image":{"@id":"https:\/\/www.silabtec.com\/en\/#\/schema\/logo\/image\/"}}]}},"_links":{"self":[{"href":"https:\/\/www.silabtec.com\/de\/wp-json\/wp\/v2\/pages\/1009","targetHints":{"allow":["GET"]}}],"collection":[{"href":"https:\/\/www.silabtec.com\/de\/wp-json\/wp\/v2\/pages"}],"about":[{"href":"https:\/\/www.silabtec.com\/de\/wp-json\/wp\/v2\/types\/page"}],"author":[{"embeddable":true,"href":"https:\/\/www.silabtec.com\/de\/wp-json\/wp\/v2\/users\/1"}],"replies":[{"embeddable":true,"href":"https:\/\/www.silabtec.com\/de\/wp-json\/wp\/v2\/comments?post=1009"}],"version-history":[{"count":3,"href":"https:\/\/www.silabtec.com\/de\/wp-json\/wp\/v2\/pages\/1009\/revisions"}],"predecessor-version":[{"id":1266,"href":"https:\/\/www.silabtec.com\/de\/wp-json\/wp\/v2\/pages\/1009\/revisions\/1266"}],"wp:attachment":[{"href":"https:\/\/www.silabtec.com\/de\/wp-json\/wp\/v2\/media?parent=1009"}],"curies":[{"name":"wp","href":"https:\/\/api.w.org\/{rel}","templated":true}]}}