{"id":268,"date":"2017-03-08T15:15:34","date_gmt":"2017-03-08T14:15:34","guid":{"rendered":"http:\/\/sinapteclab.dev4-audace.fr\/cell-distribution-homogenization\/"},"modified":"2019-02-11T14:02:51","modified_gmt":"2019-02-11T13:02:51","slug":"typical-applications","status":"publish","type":"page","link":"https:\/\/www.silabtec.com\/de\/typical-applications\/","title":{"rendered":"Typische Anwendungen"},"content":{"rendered":"<div class=\"wpb-content-wrapper\">[vc_row][vc_column][mk_fancy_title color=&#8220;#009de0&#8243; size=&#8220;25&#8243; font_weight=&#8220;bold&#8220; font_family=&#8220;none&#8220;]Dispersion und Desagglomerierung durch Ultraschall[\/mk_fancy_title][\/vc_column][\/vc_row][vc_row][vc_column width=&#8220;1\/2&#8243;][vc_single_image image=&#8220;405&#8243; img_size=&#8220;400X200&#8243; alignment=&#8220;center&#8220; css_animation=&#8220;fadeIn&#8220;][vc_single_image image=&#8220;408&#8243; img_size=&#8220;400X200&#8243; alignment=&#8220;center&#8220; css_animation=&#8220;fadeIn&#8220;][\/vc_column][vc_column width=&#8220;1\/2&#8243;][vc_video link=&#8220;https:\/\/www.youtube.com\/watch?v=RGOpCtHOleo&#8220;][vc_column_text]Die Anwendung von Ultraschall in Fl\u00fcssigkeiten erm\u00f6glicht es Agglomerate zu brechen, um eine homogene L\u00f6sung zu erlangen. Dies wird durch einen, durch die Ultraschall-Kavitation erzeugten, Schermechanismus erzielt. Es handelt sich hier um eine g\u00e4ngige Anwendung von Ultraschall-Ger\u00e4ten.[\/vc_column_text][\/vc_column][\/vc_row][vc_row][vc_column][\/vc_column][\/vc_row][vc_row][vc_column width=&#8220;1\/2&#8243;][mk_fancy_title color=&#8220;#009de0&#8243; size=&#8220;25&#8243; font_weight=&#8220;bold&#8220; font_family=&#8220;none&#8220;]Ultraschall-Emulsion[\/mk_fancy_title][vc_video link=&#8220;https:\/\/youtu.be\/FjJwRw7pPfM&#8220;][vc_column_text]Emulsionen bestehen aus der Dispersion zweier nicht mischbarer Substanzen. Unsere Hochfrequenz -Ultraschallger\u00e4te liefern die notwendige Leistung, um kleine Tr\u00f6pfchen einer fl\u00fcssigen Phase in einer zweiten Phase zu dispergieren.[\/vc_column_text][\/vc_column][vc_column width=&#8220;1\/2&#8243;][mk_fancy_title color=&#8220;#009de0&#8243; size=&#8220;25&#8243; font_weight=&#8220;bold&#8220; font_family=&#8220;none&#8220;]Entgasen[\/mk_fancy_title][vc_single_image image=&#8220;414&#8243; img_size=&#8220;400X300&#8243; alignment=&#8220;center&#8220; css_animation=&#8220;fadeIn&#8220;][vc_column_text]Ultraschall in einem fl\u00fcssigen Medium reduziert die in einer Fl\u00fcssigkeit suspendierten Gasblasen.<\/p>\n<p>.[\/vc_column_text][\/vc_column][\/vc_row][vc_row][vc_column width=&#8220;1\/3&#8243;][mk_fancy_title color=&#8220;#009de0&#8243; size=&#8220;25&#8243; font_weight=&#8220;bold&#8220; font_family=&#8220;none&#8220;]Zell-Lyse[\/mk_fancy_title][vc_column_text]Durch das Aufbrechen der Zellmembran erm\u00f6glicht Ultraschall es, die Zelle zu zerst\u00f6ren. Diese Anwendung ist beispielsweise f\u00fcr die Zerst\u00f6rung von Bakterien n\u00fctzlich.[\/vc_column_text][\/vc_column][vc_column width=&#8220;1\/3&#8243;][mk_fancy_title color=&#8220;#009de0&#8243; size=&#8220;25&#8243; font_weight=&#8220;bold&#8220; font_family=&#8220;none&#8220;]Extraktion[\/mk_fancy_title][vc_column_text]Ultraschall erm\u00f6glicht es, die Zellmembran zu durchbrechen und somit den Zellinhalt freizusetzen. Diese Anwendung wird in unterschiedlichen Bereichen (z.B. pflanzliche, molekulare, katalytische Extraktion) eingesetzt.[\/vc_column_text][\/vc_column][vc_column width=&#8220;1\/3&#8243;][mk_fancy_title color=&#8220;#009de0&#8243; size=&#8220;25&#8243; font_weight=&#8220;bold&#8220; font_family=&#8220;none&#8220;]Sonochemie[\/mk_fancy_title][vc_column_text]Basierend auf akustischer Energie, die physische Effekte wie das Kavitationsph\u00e4nomen implementiert, erh\u00f6ht die Verwendung von Ultraschall die Geschwindigkeit und Qualit\u00e4t chemischer Reaktionen.[\/vc_column_text][\/vc_column][\/vc_row]\n<\/div>","protected":false},"excerpt":{"rendered":"<p>[vc_row][vc_column][mk_fancy_title color=&#8220;#009de0&#8243; size=&#8220;25&#8243; font_weight=&#8220;bold&#8220; font_family=&#8220;none&#8220;]Dispersion und Desagglomerierung durch Ultraschall[\/mk_fancy_title][\/vc_column][\/vc_row][vc_row][vc_column width=&#8220;1\/2&#8243;][vc_single_image image=&#8220;405&#8243; img_size=&#8220;400X200&#8243; alignment=&#8220;center&#8220; css_animation=&#8220;fadeIn&#8220;][vc_single_image image=&#8220;408&#8243; img_size=&#8220;400X200&#8243; alignment=&#8220;center&#8220; css_animation=&#8220;fadeIn&#8220;][\/vc_column][vc_column width=&#8220;1\/2&#8243;][vc_video link=&#8220;https:\/\/www.youtube.com\/watch?v=RGOpCtHOleo&#8220;][vc_column_text]Die Anwendung von Ultraschall in Fl\u00fcssigkeiten erm\u00f6glicht es Agglomerate zu brechen, um eine homogene L\u00f6sung zu erlangen. Dies wird durch einen, durch die Ultraschall-Kavitation erzeugten, Schermechanismus erzielt. Es handelt sich hier um eine g\u00e4ngige Anwendung von [&hellip;]<\/p>\n","protected":false},"author":1,"featured_media":0,"parent":0,"menu_order":0,"comment_status":"closed","ping_status":"closed","template":"","meta":{"footnotes":""},"class_list":["post-268","page","type-page","status-publish","hentry"],"yoast_head":"<!-- This site is optimized with the Yoast SEO plugin v27.4 - https:\/\/yoast.com\/product\/yoast-seo-wordpress\/ -->\n<title>Typische Anwendungen - SilabTec<\/title>\n<meta name=\"robots\" content=\"index, follow, max-snippet:-1, max-image-preview:large, max-video-preview:-1\" \/>\n<link rel=\"canonical\" href=\"https:\/\/www.silabtec.com\/de\/typical-applications\/\" \/>\n<meta property=\"og:locale\" content=\"de_DE\" \/>\n<meta property=\"og:type\" content=\"article\" \/>\n<meta property=\"og:title\" content=\"Typische Anwendungen - SilabTec\" \/>\n<meta property=\"og:description\" content=\"[vc_row][vc_column][mk_fancy_title color=&#8220;#009de0&#8243; size=&#8220;25&#8243; font_weight=&#8220;bold&#8220; font_family=&#8220;none&#8220;]Dispersion und Desagglomerierung durch Ultraschall[\/mk_fancy_title][\/vc_column][\/vc_row][vc_row][vc_column width=&#8220;1\/2&#8243;][vc_single_image image=&#8220;405&#8243; img_size=&#8220;400X200&#8243; alignment=&#8220;center&#8220; css_animation=&#8220;fadeIn&#8220;][vc_single_image image=&#8220;408&#8243; img_size=&#8220;400X200&#8243; alignment=&#8220;center&#8220; css_animation=&#8220;fadeIn&#8220;][\/vc_column][vc_column width=&#8220;1\/2&#8243;][vc_video link=&#8220;https:\/\/www.youtube.com\/watch?v=RGOpCtHOleo&#8220;][vc_column_text]Die Anwendung von Ultraschall in Fl\u00fcssigkeiten erm\u00f6glicht es Agglomerate zu brechen, um eine homogene L\u00f6sung zu erlangen. Dies wird durch einen, durch die Ultraschall-Kavitation erzeugten, Schermechanismus erzielt. Es handelt sich hier um eine g\u00e4ngige Anwendung von [&hellip;]\" \/>\n<meta property=\"og:url\" content=\"https:\/\/www.silabtec.com\/de\/typical-applications\/\" \/>\n<meta property=\"og:site_name\" content=\"SilabTec\" \/>\n<meta property=\"article:modified_time\" content=\"2019-02-11T13:02:51+00:00\" \/>\n<meta name=\"twitter:card\" content=\"summary_large_image\" \/>\n<meta name=\"twitter:label1\" content=\"Gesch\u00e4tzte Lesezeit\" \/>\n\t<meta name=\"twitter:data1\" content=\"2\u00a0Minuten\" \/>\n<script type=\"application\/ld+json\" class=\"yoast-schema-graph\">{\"@context\":\"https:\\\/\\\/schema.org\",\"@graph\":[{\"@type\":\"WebPage\",\"@id\":\"https:\\\/\\\/www.silabtec.com\\\/de\\\/typical-applications\\\/\",\"url\":\"https:\\\/\\\/www.silabtec.com\\\/de\\\/typical-applications\\\/\",\"name\":\"Typische Anwendungen - SilabTec\",\"isPartOf\":{\"@id\":\"https:\\\/\\\/www.silabtec.com\\\/en\\\/#website\"},\"datePublished\":\"2017-03-08T14:15:34+00:00\",\"dateModified\":\"2019-02-11T13:02:51+00:00\",\"breadcrumb\":{\"@id\":\"https:\\\/\\\/www.silabtec.com\\\/de\\\/typical-applications\\\/#breadcrumb\"},\"inLanguage\":\"de\",\"potentialAction\":[{\"@type\":\"ReadAction\",\"target\":[\"https:\\\/\\\/www.silabtec.com\\\/de\\\/typical-applications\\\/\"]}]},{\"@type\":\"BreadcrumbList\",\"@id\":\"https:\\\/\\\/www.silabtec.com\\\/de\\\/typical-applications\\\/#breadcrumb\",\"itemListElement\":[{\"@type\":\"ListItem\",\"position\":1,\"name\":\"Accueil\",\"item\":\"https:\\\/\\\/www.silabtec.com\\\/de\\\/\"},{\"@type\":\"ListItem\",\"position\":2,\"name\":\"Typische Anwendungen\"}]},{\"@type\":\"WebSite\",\"@id\":\"https:\\\/\\\/www.silabtec.com\\\/en\\\/#website\",\"url\":\"https:\\\/\\\/www.silabtec.com\\\/en\\\/\",\"name\":\"SilabTec\",\"description\":\"La technologie ultrason ma\u00eetris\u00e9e\",\"publisher\":{\"@id\":\"https:\\\/\\\/www.silabtec.com\\\/en\\\/#organization\"},\"potentialAction\":[{\"@type\":\"SearchAction\",\"target\":{\"@type\":\"EntryPoint\",\"urlTemplate\":\"https:\\\/\\\/www.silabtec.com\\\/en\\\/?s={search_term_string}\"},\"query-input\":{\"@type\":\"PropertyValueSpecification\",\"valueRequired\":true,\"valueName\":\"search_term_string\"}}],\"inLanguage\":\"de\"},{\"@type\":\"Organization\",\"@id\":\"https:\\\/\\\/www.silabtec.com\\\/en\\\/#organization\",\"name\":\"Sinaptec Lab\",\"url\":\"https:\\\/\\\/www.silabtec.com\\\/en\\\/\",\"logo\":{\"@type\":\"ImageObject\",\"inLanguage\":\"de\",\"@id\":\"https:\\\/\\\/www.silabtec.com\\\/en\\\/#\\\/schema\\\/logo\\\/image\\\/\",\"url\":\"https:\\\/\\\/www.silabtec.com\\\/wp-content\\\/uploads\\\/2017\\\/03\\\/logo-sinaptec-1.jpg\",\"contentUrl\":\"https:\\\/\\\/www.silabtec.com\\\/wp-content\\\/uploads\\\/2017\\\/03\\\/logo-sinaptec-1.jpg\",\"width\":300,\"height\":104,\"caption\":\"Sinaptec Lab\"},\"image\":{\"@id\":\"https:\\\/\\\/www.silabtec.com\\\/en\\\/#\\\/schema\\\/logo\\\/image\\\/\"}}]}<\/script>\n<!-- \/ Yoast SEO plugin. -->","yoast_head_json":{"title":"Typische Anwendungen - SilabTec","robots":{"index":"index","follow":"follow","max-snippet":"max-snippet:-1","max-image-preview":"max-image-preview:large","max-video-preview":"max-video-preview:-1"},"canonical":"https:\/\/www.silabtec.com\/de\/typical-applications\/","og_locale":"de_DE","og_type":"article","og_title":"Typische Anwendungen - SilabTec","og_description":"[vc_row][vc_column][mk_fancy_title color=&#8220;#009de0&#8243; size=&#8220;25&#8243; font_weight=&#8220;bold&#8220; font_family=&#8220;none&#8220;]Dispersion und Desagglomerierung durch Ultraschall[\/mk_fancy_title][\/vc_column][\/vc_row][vc_row][vc_column width=&#8220;1\/2&#8243;][vc_single_image image=&#8220;405&#8243; img_size=&#8220;400X200&#8243; alignment=&#8220;center&#8220; css_animation=&#8220;fadeIn&#8220;][vc_single_image image=&#8220;408&#8243; img_size=&#8220;400X200&#8243; alignment=&#8220;center&#8220; css_animation=&#8220;fadeIn&#8220;][\/vc_column][vc_column width=&#8220;1\/2&#8243;][vc_video link=&#8220;https:\/\/www.youtube.com\/watch?v=RGOpCtHOleo&#8220;][vc_column_text]Die Anwendung von Ultraschall in Fl\u00fcssigkeiten erm\u00f6glicht es Agglomerate zu brechen, um eine homogene L\u00f6sung zu erlangen. Dies wird durch einen, durch die Ultraschall-Kavitation erzeugten, Schermechanismus erzielt. Es handelt sich hier um eine g\u00e4ngige Anwendung von [&hellip;]","og_url":"https:\/\/www.silabtec.com\/de\/typical-applications\/","og_site_name":"SilabTec","article_modified_time":"2019-02-11T13:02:51+00:00","twitter_card":"summary_large_image","twitter_misc":{"Gesch\u00e4tzte Lesezeit":"2\u00a0Minuten"},"schema":{"@context":"https:\/\/schema.org","@graph":[{"@type":"WebPage","@id":"https:\/\/www.silabtec.com\/de\/typical-applications\/","url":"https:\/\/www.silabtec.com\/de\/typical-applications\/","name":"Typische Anwendungen - SilabTec","isPartOf":{"@id":"https:\/\/www.silabtec.com\/en\/#website"},"datePublished":"2017-03-08T14:15:34+00:00","dateModified":"2019-02-11T13:02:51+00:00","breadcrumb":{"@id":"https:\/\/www.silabtec.com\/de\/typical-applications\/#breadcrumb"},"inLanguage":"de","potentialAction":[{"@type":"ReadAction","target":["https:\/\/www.silabtec.com\/de\/typical-applications\/"]}]},{"@type":"BreadcrumbList","@id":"https:\/\/www.silabtec.com\/de\/typical-applications\/#breadcrumb","itemListElement":[{"@type":"ListItem","position":1,"name":"Accueil","item":"https:\/\/www.silabtec.com\/de\/"},{"@type":"ListItem","position":2,"name":"Typische Anwendungen"}]},{"@type":"WebSite","@id":"https:\/\/www.silabtec.com\/en\/#website","url":"https:\/\/www.silabtec.com\/en\/","name":"SilabTec","description":"La technologie ultrason ma\u00eetris\u00e9e","publisher":{"@id":"https:\/\/www.silabtec.com\/en\/#organization"},"potentialAction":[{"@type":"SearchAction","target":{"@type":"EntryPoint","urlTemplate":"https:\/\/www.silabtec.com\/en\/?s={search_term_string}"},"query-input":{"@type":"PropertyValueSpecification","valueRequired":true,"valueName":"search_term_string"}}],"inLanguage":"de"},{"@type":"Organization","@id":"https:\/\/www.silabtec.com\/en\/#organization","name":"Sinaptec Lab","url":"https:\/\/www.silabtec.com\/en\/","logo":{"@type":"ImageObject","inLanguage":"de","@id":"https:\/\/www.silabtec.com\/en\/#\/schema\/logo\/image\/","url":"https:\/\/www.silabtec.com\/wp-content\/uploads\/2017\/03\/logo-sinaptec-1.jpg","contentUrl":"https:\/\/www.silabtec.com\/wp-content\/uploads\/2017\/03\/logo-sinaptec-1.jpg","width":300,"height":104,"caption":"Sinaptec Lab"},"image":{"@id":"https:\/\/www.silabtec.com\/en\/#\/schema\/logo\/image\/"}}]}},"_links":{"self":[{"href":"https:\/\/www.silabtec.com\/de\/wp-json\/wp\/v2\/pages\/268","targetHints":{"allow":["GET"]}}],"collection":[{"href":"https:\/\/www.silabtec.com\/de\/wp-json\/wp\/v2\/pages"}],"about":[{"href":"https:\/\/www.silabtec.com\/de\/wp-json\/wp\/v2\/types\/page"}],"author":[{"embeddable":true,"href":"https:\/\/www.silabtec.com\/de\/wp-json\/wp\/v2\/users\/1"}],"replies":[{"embeddable":true,"href":"https:\/\/www.silabtec.com\/de\/wp-json\/wp\/v2\/comments?post=268"}],"version-history":[{"count":7,"href":"https:\/\/www.silabtec.com\/de\/wp-json\/wp\/v2\/pages\/268\/revisions"}],"predecessor-version":[{"id":1519,"href":"https:\/\/www.silabtec.com\/de\/wp-json\/wp\/v2\/pages\/268\/revisions\/1519"}],"wp:attachment":[{"href":"https:\/\/www.silabtec.com\/de\/wp-json\/wp\/v2\/media?parent=268"}],"curies":[{"name":"wp","href":"https:\/\/api.w.org\/{rel}","templated":true}]}}