{"id":283,"date":"2017-03-08T19:36:54","date_gmt":"2017-03-08T18:36:54","guid":{"rendered":"http:\/\/sinapteclab.dev4-audace.fr\/la-societe-sinaptec\/"},"modified":"2022-04-20T14:33:09","modified_gmt":"2022-04-20T12:33:09","slug":"la-societe-sinaptec-2","status":"publish","type":"page","link":"https:\/\/www.silabtec.com\/de\/la-societe-sinaptec-2\/","title":{"rendered":"Die Gesellschaft SinapTec"},"content":{"rendered":"<div class=\"wpb-content-wrapper\">[vc_row][vc_column width=&#8220;2\/3&#8243;][mk_fancy_title color=&#8220;#009de0&#8243; size=&#8220;25&#8243; font_weight=&#8220;600&#8243; font_family=&#8220;none&#8220;]SinapTec: mehr als 35 Jahre Fachwissen und Innovation im Dienste der Forschungslabore[\/mk_fancy_title][vc_column_text css=&#8220;.vc_custom_1650457570974{margin-bottom: 0px !important;}&#8220;]Seit mehr als 35 Jahren hat sich SinapTec in der Entwicklung von piezoelektrischen und innovativen L\u00f6sungen f\u00fcr Forschungslabore und die Industrie spezialisiert.<\/p>\n<p>Ab Gesellschaftsgr\u00fcndung haben wir alles darangesetzt, eng mit unseren Kunden zusammenzuarbeiten, sowohl f\u00fcr die Implementierung neuer Produkte, als auch im Bereich der Entwicklung neuer, ma\u00dfgeschneiderter, L\u00f6sungen.<\/p>\n<p>Heute erm\u00f6glichen es uns diese kollaborative Arbeitsweise, das Know-how unseres, aus Ingenieuren und Fachleuten zusammengesetzten, Teams, sowie die vollst\u00e4ndige Beherrschung der Ultraschalltechnologie und die Verwendung von spezifischer Software und Material, unseren Kunden optimale und angepasste L\u00f6sungen zu garantieren.[\/vc_column_text][mk_fancy_title color=&#8220;#009de0&#8243; size=&#8220;25&#8243; font_weight=&#8220;600&#8243; font_family=&#8220;none&#8220;]Der Firmenleiter, Pascal Tierce[\/mk_fancy_title][vc_column_text css=&#8220;.vc_custom_1650457582175{margin-bottom: 0px !important;}&#8220;]Nach Studieng\u00e4ngen im Bereich des Ultraschalls legt Pascal Tierce seinen Forscher-\/Lehrkraftkittel ab, um den Anzug eines Firmenleiters anzukleiden. Dies geschah vor mehr als 35 Jahren. Seit der Firmengr\u00fcndung ist es ihrem Leiter gelungen, diese in den Vordergrund der internationalen Szene zu r\u00fccken. Eine Entwicklung, die der Motor des Wachstums von SinapTec verbleibt.[\/vc_column_text][\/vc_column][vc_column width=&#8220;1\/3&#8243;][vc_single_image image=&#8220;438&#8243; img_size=&#8220;full&#8220; alignment=&#8220;center&#8220; style=&#8220;vc_box_shadow_3d&#8220; onclick=&#8220;link_image&#8220; css_animation=&#8220;fadeIn&#8220;][vc_single_image image=&#8220;426&#8243; img_size=&#8220;medium&#8220; alignment=&#8220;center&#8220; style=&#8220;vc_box_shadow_3d&#8220; onclick=&#8220;link_image&#8220; css_animation=&#8220;fadeIn&#8220;][mk_blockquote font_family=&#8220;none&#8220;]Unsere, weltweit durch 30 Patente gesch\u00fctzte, Technologie, will sich gleichzeitig flexibel, da sie sich den Notwendigkeiten der Kunden anpasst, als auch ausgereift, da sie von einer mehr als 35-j\u00e4hrigen Erfahrung profitiert.[\/mk_blockquote][\/vc_column][\/vc_row][vc_row fullwidth=&#8220;true&#8220;][vc_column][mk_advanced_gmaps latitude=&#8220;50.6024455&#8243; longitude=&#8220;3.1314821&#8243; address=&#8220;SYNERGIE PARK, 7 avenue Pierre et Marie Curie 59260 LEZENNES&#8220; content_font_color=&#8220;#ffffff&#8220; height=&#8220;450&#8243; pan_control=&#8220;false&#8220; map_type_control=&#8220;false&#8220;][\/vc_column][\/vc_row]\n<\/div>","protected":false},"excerpt":{"rendered":"<p>[vc_row][vc_column width=&#8220;2\/3&#8243;][mk_fancy_title color=&#8220;#009de0&#8243; size=&#8220;25&#8243; font_weight=&#8220;600&#8243; font_family=&#8220;none&#8220;]SinapTec: mehr als 35 Jahre Fachwissen und Innovation im Dienste der Forschungslabore[\/mk_fancy_title][vc_column_text css=&#8220;.vc_custom_1650457570974{margin-bottom: 0px !important;}&#8220;]Seit mehr als 35 Jahren hat sich SinapTec in der Entwicklung von piezoelektrischen und innovativen L\u00f6sungen f\u00fcr Forschungslabore und die Industrie spezialisiert. Ab Gesellschaftsgr\u00fcndung haben wir alles darangesetzt, eng mit unseren Kunden zusammenzuarbeiten, sowohl f\u00fcr die [&hellip;]<\/p>\n","protected":false},"author":1,"featured_media":0,"parent":0,"menu_order":0,"comment_status":"closed","ping_status":"closed","template":"","meta":{"footnotes":""},"class_list":["post-283","page","type-page","status-publish","hentry"],"yoast_head":"<!-- This site is optimized with the Yoast SEO plugin v27.4 - https:\/\/yoast.com\/product\/yoast-seo-wordpress\/ -->\n<title>Die Gesellschaft SinapTec - SilabTec<\/title>\n<meta name=\"robots\" content=\"index, follow, max-snippet:-1, max-image-preview:large, max-video-preview:-1\" \/>\n<link rel=\"canonical\" href=\"https:\/\/www.silabtec.com\/de\/la-societe-sinaptec-2\/\" \/>\n<meta property=\"og:locale\" content=\"de_DE\" \/>\n<meta property=\"og:type\" content=\"article\" \/>\n<meta property=\"og:title\" content=\"Die Gesellschaft SinapTec - SilabTec\" \/>\n<meta property=\"og:description\" content=\"[vc_row][vc_column width=&#8220;2\/3&#8243;][mk_fancy_title color=&#8220;#009de0&#8243; size=&#8220;25&#8243; font_weight=&#8220;600&#8243; font_family=&#8220;none&#8220;]SinapTec: mehr als 35 Jahre Fachwissen und Innovation im Dienste der Forschungslabore[\/mk_fancy_title][vc_column_text css=&#8220;.vc_custom_1650457570974{margin-bottom: 0px !important;}&#8220;]Seit mehr als 35 Jahren hat sich SinapTec in der Entwicklung von piezoelektrischen und innovativen L\u00f6sungen f\u00fcr Forschungslabore und die Industrie spezialisiert. Ab Gesellschaftsgr\u00fcndung haben wir alles darangesetzt, eng mit unseren Kunden zusammenzuarbeiten, sowohl f\u00fcr die [&hellip;]\" \/>\n<meta property=\"og:url\" content=\"https:\/\/www.silabtec.com\/de\/la-societe-sinaptec-2\/\" \/>\n<meta property=\"og:site_name\" content=\"SilabTec\" \/>\n<meta property=\"article:modified_time\" content=\"2022-04-20T12:33:09+00:00\" \/>\n<meta name=\"twitter:card\" content=\"summary_large_image\" \/>\n<meta name=\"twitter:label1\" content=\"Gesch\u00e4tzte Lesezeit\" \/>\n\t<meta name=\"twitter:data1\" content=\"2\u00a0Minuten\" \/>\n<script type=\"application\/ld+json\" class=\"yoast-schema-graph\">{\"@context\":\"https:\\\/\\\/schema.org\",\"@graph\":[{\"@type\":\"WebPage\",\"@id\":\"https:\\\/\\\/www.silabtec.com\\\/de\\\/la-societe-sinaptec-2\\\/\",\"url\":\"https:\\\/\\\/www.silabtec.com\\\/de\\\/la-societe-sinaptec-2\\\/\",\"name\":\"Die Gesellschaft SinapTec - SilabTec\",\"isPartOf\":{\"@id\":\"https:\\\/\\\/www.silabtec.com\\\/en\\\/#website\"},\"datePublished\":\"2017-03-08T18:36:54+00:00\",\"dateModified\":\"2022-04-20T12:33:09+00:00\",\"breadcrumb\":{\"@id\":\"https:\\\/\\\/www.silabtec.com\\\/de\\\/la-societe-sinaptec-2\\\/#breadcrumb\"},\"inLanguage\":\"de\",\"potentialAction\":[{\"@type\":\"ReadAction\",\"target\":[\"https:\\\/\\\/www.silabtec.com\\\/de\\\/la-societe-sinaptec-2\\\/\"]}]},{\"@type\":\"BreadcrumbList\",\"@id\":\"https:\\\/\\\/www.silabtec.com\\\/de\\\/la-societe-sinaptec-2\\\/#breadcrumb\",\"itemListElement\":[{\"@type\":\"ListItem\",\"position\":1,\"name\":\"Accueil\",\"item\":\"https:\\\/\\\/www.silabtec.com\\\/de\\\/\"},{\"@type\":\"ListItem\",\"position\":2,\"name\":\"Die Gesellschaft SinapTec\"}]},{\"@type\":\"WebSite\",\"@id\":\"https:\\\/\\\/www.silabtec.com\\\/en\\\/#website\",\"url\":\"https:\\\/\\\/www.silabtec.com\\\/en\\\/\",\"name\":\"SilabTec\",\"description\":\"La technologie ultrason ma\u00eetris\u00e9e\",\"publisher\":{\"@id\":\"https:\\\/\\\/www.silabtec.com\\\/en\\\/#organization\"},\"potentialAction\":[{\"@type\":\"SearchAction\",\"target\":{\"@type\":\"EntryPoint\",\"urlTemplate\":\"https:\\\/\\\/www.silabtec.com\\\/en\\\/?s={search_term_string}\"},\"query-input\":{\"@type\":\"PropertyValueSpecification\",\"valueRequired\":true,\"valueName\":\"search_term_string\"}}],\"inLanguage\":\"de\"},{\"@type\":\"Organization\",\"@id\":\"https:\\\/\\\/www.silabtec.com\\\/en\\\/#organization\",\"name\":\"Sinaptec Lab\",\"url\":\"https:\\\/\\\/www.silabtec.com\\\/en\\\/\",\"logo\":{\"@type\":\"ImageObject\",\"inLanguage\":\"de\",\"@id\":\"https:\\\/\\\/www.silabtec.com\\\/en\\\/#\\\/schema\\\/logo\\\/image\\\/\",\"url\":\"https:\\\/\\\/www.silabtec.com\\\/wp-content\\\/uploads\\\/2017\\\/03\\\/logo-sinaptec-1.jpg\",\"contentUrl\":\"https:\\\/\\\/www.silabtec.com\\\/wp-content\\\/uploads\\\/2017\\\/03\\\/logo-sinaptec-1.jpg\",\"width\":300,\"height\":104,\"caption\":\"Sinaptec Lab\"},\"image\":{\"@id\":\"https:\\\/\\\/www.silabtec.com\\\/en\\\/#\\\/schema\\\/logo\\\/image\\\/\"}}]}<\/script>\n<!-- \/ Yoast SEO plugin. -->","yoast_head_json":{"title":"Die Gesellschaft SinapTec - SilabTec","robots":{"index":"index","follow":"follow","max-snippet":"max-snippet:-1","max-image-preview":"max-image-preview:large","max-video-preview":"max-video-preview:-1"},"canonical":"https:\/\/www.silabtec.com\/de\/la-societe-sinaptec-2\/","og_locale":"de_DE","og_type":"article","og_title":"Die Gesellschaft SinapTec - SilabTec","og_description":"[vc_row][vc_column width=&#8220;2\/3&#8243;][mk_fancy_title color=&#8220;#009de0&#8243; size=&#8220;25&#8243; font_weight=&#8220;600&#8243; font_family=&#8220;none&#8220;]SinapTec: mehr als 35 Jahre Fachwissen und Innovation im Dienste der Forschungslabore[\/mk_fancy_title][vc_column_text css=&#8220;.vc_custom_1650457570974{margin-bottom: 0px !important;}&#8220;]Seit mehr als 35 Jahren hat sich SinapTec in der Entwicklung von piezoelektrischen und innovativen L\u00f6sungen f\u00fcr Forschungslabore und die Industrie spezialisiert. Ab Gesellschaftsgr\u00fcndung haben wir alles darangesetzt, eng mit unseren Kunden zusammenzuarbeiten, sowohl f\u00fcr die [&hellip;]","og_url":"https:\/\/www.silabtec.com\/de\/la-societe-sinaptec-2\/","og_site_name":"SilabTec","article_modified_time":"2022-04-20T12:33:09+00:00","twitter_card":"summary_large_image","twitter_misc":{"Gesch\u00e4tzte Lesezeit":"2\u00a0Minuten"},"schema":{"@context":"https:\/\/schema.org","@graph":[{"@type":"WebPage","@id":"https:\/\/www.silabtec.com\/de\/la-societe-sinaptec-2\/","url":"https:\/\/www.silabtec.com\/de\/la-societe-sinaptec-2\/","name":"Die Gesellschaft SinapTec - SilabTec","isPartOf":{"@id":"https:\/\/www.silabtec.com\/en\/#website"},"datePublished":"2017-03-08T18:36:54+00:00","dateModified":"2022-04-20T12:33:09+00:00","breadcrumb":{"@id":"https:\/\/www.silabtec.com\/de\/la-societe-sinaptec-2\/#breadcrumb"},"inLanguage":"de","potentialAction":[{"@type":"ReadAction","target":["https:\/\/www.silabtec.com\/de\/la-societe-sinaptec-2\/"]}]},{"@type":"BreadcrumbList","@id":"https:\/\/www.silabtec.com\/de\/la-societe-sinaptec-2\/#breadcrumb","itemListElement":[{"@type":"ListItem","position":1,"name":"Accueil","item":"https:\/\/www.silabtec.com\/de\/"},{"@type":"ListItem","position":2,"name":"Die Gesellschaft SinapTec"}]},{"@type":"WebSite","@id":"https:\/\/www.silabtec.com\/en\/#website","url":"https:\/\/www.silabtec.com\/en\/","name":"SilabTec","description":"La technologie ultrason ma\u00eetris\u00e9e","publisher":{"@id":"https:\/\/www.silabtec.com\/en\/#organization"},"potentialAction":[{"@type":"SearchAction","target":{"@type":"EntryPoint","urlTemplate":"https:\/\/www.silabtec.com\/en\/?s={search_term_string}"},"query-input":{"@type":"PropertyValueSpecification","valueRequired":true,"valueName":"search_term_string"}}],"inLanguage":"de"},{"@type":"Organization","@id":"https:\/\/www.silabtec.com\/en\/#organization","name":"Sinaptec Lab","url":"https:\/\/www.silabtec.com\/en\/","logo":{"@type":"ImageObject","inLanguage":"de","@id":"https:\/\/www.silabtec.com\/en\/#\/schema\/logo\/image\/","url":"https:\/\/www.silabtec.com\/wp-content\/uploads\/2017\/03\/logo-sinaptec-1.jpg","contentUrl":"https:\/\/www.silabtec.com\/wp-content\/uploads\/2017\/03\/logo-sinaptec-1.jpg","width":300,"height":104,"caption":"Sinaptec Lab"},"image":{"@id":"https:\/\/www.silabtec.com\/en\/#\/schema\/logo\/image\/"}}]}},"_links":{"self":[{"href":"https:\/\/www.silabtec.com\/de\/wp-json\/wp\/v2\/pages\/283","targetHints":{"allow":["GET"]}}],"collection":[{"href":"https:\/\/www.silabtec.com\/de\/wp-json\/wp\/v2\/pages"}],"about":[{"href":"https:\/\/www.silabtec.com\/de\/wp-json\/wp\/v2\/types\/page"}],"author":[{"embeddable":true,"href":"https:\/\/www.silabtec.com\/de\/wp-json\/wp\/v2\/users\/1"}],"replies":[{"embeddable":true,"href":"https:\/\/www.silabtec.com\/de\/wp-json\/wp\/v2\/comments?post=283"}],"version-history":[{"count":7,"href":"https:\/\/www.silabtec.com\/de\/wp-json\/wp\/v2\/pages\/283\/revisions"}],"predecessor-version":[{"id":1880,"href":"https:\/\/www.silabtec.com\/de\/wp-json\/wp\/v2\/pages\/283\/revisions\/1880"}],"wp:attachment":[{"href":"https:\/\/www.silabtec.com\/de\/wp-json\/wp\/v2\/media?parent=283"}],"curies":[{"name":"wp","href":"https:\/\/api.w.org\/{rel}","templated":true}]}}