{"id":289,"date":"2017-03-08T17:47:14","date_gmt":"2017-03-08T16:47:14","guid":{"rendered":"http:\/\/sinapteclab.dev4-audace.fr\/other-applications\/"},"modified":"2017-08-02T11:01:28","modified_gmt":"2017-08-02T09:01:28","slug":"la-cavitation","status":"publish","type":"page","link":"https:\/\/www.silabtec.com\/de\/la-cavitation\/","title":{"rendered":"Kavitation durch Ultraschall"},"content":{"rendered":"<div class=\"wpb-content-wrapper\">[vc_row][vc_column][mk_fancy_title color=&#8220;#009de0&#8243; size=&#8220;25&#8243; font_weight=&#8220;bold&#8220; font_family=&#8220;none&#8220;]Ultraschall in Fl\u00fcssigkeiten: die akustische Kavitation[\/mk_fancy_title][\/vc_column][\/vc_row][vc_row][vc_column width=&#8220;1\/3&#8243;][vc_single_image image=&#8220;375&#8243; img_size=&#8220;full&#8220; css_animation=&#8220;fadeIn&#8220;][\/vc_column][vc_column width=&#8220;2\/3&#8243;][vc_column_text]Die Aktion des Ultraschalls auf fl\u00fcssige Medien beruht auf dem Ph\u00e4nomen der Kavitation: Erzeugung, Wachstum und Implosion von Bl\u00e4schen, die sich formen, wenn eine Fl\u00fcssigkeit einer Druckwelle unterworfen ist. Das Ergebnis ist ein Druckschlag nahe des Bl\u00e4schens und die Erzeugung eines thermochemischen Mikroreaktors im Inneren des Bl\u00e4schens.<\/p>\n<p>Damit die akustische Kavitation eintritt, muss eine Leistungsschwelle erreicht werden. Diese Schwelle bel\u00e4uft sich auf ungef\u00e4hr 0,5W\/cm\u00b2 bei 20 kHz im Falle von Wasser bei atmosph\u00e4rischem Druck und auf einige W\/cm\u00b2 f\u00fcr organische L\u00f6sungsmittel. Die Amplitude des zu erzeugenden Unterdrucks, um es zu erm\u00f6glichen die Kavitationsschwelle zu erreichen, h\u00e4ngt von mehreren Parametern ab: je h\u00f6her die Viskosit\u00e4t des Mediums (und somit die interne Koh\u00e4sion der Fl\u00fcssigkeit), desto schwieriger ist Kavitation zu erzielen, da die Teilchen schwieriger voneinander zu trennen sind.<\/p>\n<p>In fl\u00fcssigen Medien ist die akustische Kavitation der Ursprung der Wirkung von Leistungsultraschall.[\/vc_column_text][\/vc_column][\/vc_row]\n<\/div>","protected":false},"excerpt":{"rendered":"<p>[vc_row][vc_column][mk_fancy_title color=&#8220;#009de0&#8243; size=&#8220;25&#8243; font_weight=&#8220;bold&#8220; font_family=&#8220;none&#8220;]Ultraschall in Fl\u00fcssigkeiten: die akustische Kavitation[\/mk_fancy_title][\/vc_column][\/vc_row][vc_row][vc_column width=&#8220;1\/3&#8243;][vc_single_image image=&#8220;375&#8243; img_size=&#8220;full&#8220; css_animation=&#8220;fadeIn&#8220;][\/vc_column][vc_column width=&#8220;2\/3&#8243;][vc_column_text]Die Aktion des Ultraschalls auf fl\u00fcssige Medien beruht auf dem Ph\u00e4nomen der Kavitation: Erzeugung, Wachstum und Implosion von Bl\u00e4schen, die sich formen, wenn eine Fl\u00fcssigkeit einer Druckwelle unterworfen ist. Das Ergebnis ist ein Druckschlag nahe des Bl\u00e4schens und die Erzeugung eines [&hellip;]<\/p>\n","protected":false},"author":1,"featured_media":0,"parent":0,"menu_order":0,"comment_status":"closed","ping_status":"closed","template":"","meta":{"footnotes":""},"class_list":["post-289","page","type-page","status-publish","hentry"],"yoast_head":"<!-- This site is optimized with the Yoast SEO plugin v27.5 - https:\/\/yoast.com\/product\/yoast-seo-wordpress\/ -->\n<title>Kavitation durch Ultraschall - SilabTec<\/title>\n<meta name=\"robots\" content=\"index, follow, max-snippet:-1, max-image-preview:large, max-video-preview:-1\" \/>\n<link rel=\"canonical\" href=\"https:\/\/www.silabtec.com\/de\/la-cavitation\/\" \/>\n<meta property=\"og:locale\" content=\"de_DE\" \/>\n<meta property=\"og:type\" content=\"article\" \/>\n<meta property=\"og:title\" content=\"Kavitation durch Ultraschall - SilabTec\" \/>\n<meta property=\"og:description\" content=\"[vc_row][vc_column][mk_fancy_title color=&#8220;#009de0&#8243; size=&#8220;25&#8243; font_weight=&#8220;bold&#8220; font_family=&#8220;none&#8220;]Ultraschall in Fl\u00fcssigkeiten: die akustische Kavitation[\/mk_fancy_title][\/vc_column][\/vc_row][vc_row][vc_column width=&#8220;1\/3&#8243;][vc_single_image image=&#8220;375&#8243; img_size=&#8220;full&#8220; css_animation=&#8220;fadeIn&#8220;][\/vc_column][vc_column width=&#8220;2\/3&#8243;][vc_column_text]Die Aktion des Ultraschalls auf fl\u00fcssige Medien beruht auf dem Ph\u00e4nomen der Kavitation: Erzeugung, Wachstum und Implosion von Bl\u00e4schen, die sich formen, wenn eine Fl\u00fcssigkeit einer Druckwelle unterworfen ist. Das Ergebnis ist ein Druckschlag nahe des Bl\u00e4schens und die Erzeugung eines [&hellip;]\" \/>\n<meta property=\"og:url\" content=\"https:\/\/www.silabtec.com\/de\/la-cavitation\/\" \/>\n<meta property=\"og:site_name\" content=\"SilabTec\" \/>\n<meta property=\"article:modified_time\" content=\"2017-08-02T09:01:28+00:00\" \/>\n<meta name=\"twitter:card\" content=\"summary_large_image\" \/>\n<meta name=\"twitter:label1\" content=\"Gesch\u00e4tzte Lesezeit\" \/>\n\t<meta name=\"twitter:data1\" content=\"1\u00a0Minute\" \/>\n<script type=\"application\/ld+json\" class=\"yoast-schema-graph\">{\"@context\":\"https:\\\/\\\/schema.org\",\"@graph\":[{\"@type\":\"WebPage\",\"@id\":\"https:\\\/\\\/www.silabtec.com\\\/de\\\/la-cavitation\\\/\",\"url\":\"https:\\\/\\\/www.silabtec.com\\\/de\\\/la-cavitation\\\/\",\"name\":\"Kavitation durch Ultraschall - SilabTec\",\"isPartOf\":{\"@id\":\"https:\\\/\\\/www.silabtec.com\\\/en\\\/#website\"},\"datePublished\":\"2017-03-08T16:47:14+00:00\",\"dateModified\":\"2017-08-02T09:01:28+00:00\",\"breadcrumb\":{\"@id\":\"https:\\\/\\\/www.silabtec.com\\\/de\\\/la-cavitation\\\/#breadcrumb\"},\"inLanguage\":\"de\",\"potentialAction\":[{\"@type\":\"ReadAction\",\"target\":[\"https:\\\/\\\/www.silabtec.com\\\/de\\\/la-cavitation\\\/\"]}]},{\"@type\":\"BreadcrumbList\",\"@id\":\"https:\\\/\\\/www.silabtec.com\\\/de\\\/la-cavitation\\\/#breadcrumb\",\"itemListElement\":[{\"@type\":\"ListItem\",\"position\":1,\"name\":\"Accueil\",\"item\":\"https:\\\/\\\/www.silabtec.com\\\/de\\\/\"},{\"@type\":\"ListItem\",\"position\":2,\"name\":\"Kavitation durch Ultraschall\"}]},{\"@type\":\"WebSite\",\"@id\":\"https:\\\/\\\/www.silabtec.com\\\/en\\\/#website\",\"url\":\"https:\\\/\\\/www.silabtec.com\\\/en\\\/\",\"name\":\"SilabTec\",\"description\":\"La technologie ultrason ma\u00eetris\u00e9e\",\"publisher\":{\"@id\":\"https:\\\/\\\/www.silabtec.com\\\/en\\\/#organization\"},\"potentialAction\":[{\"@type\":\"SearchAction\",\"target\":{\"@type\":\"EntryPoint\",\"urlTemplate\":\"https:\\\/\\\/www.silabtec.com\\\/en\\\/?s={search_term_string}\"},\"query-input\":{\"@type\":\"PropertyValueSpecification\",\"valueRequired\":true,\"valueName\":\"search_term_string\"}}],\"inLanguage\":\"de\"},{\"@type\":\"Organization\",\"@id\":\"https:\\\/\\\/www.silabtec.com\\\/en\\\/#organization\",\"name\":\"Sinaptec Lab\",\"url\":\"https:\\\/\\\/www.silabtec.com\\\/en\\\/\",\"logo\":{\"@type\":\"ImageObject\",\"inLanguage\":\"de\",\"@id\":\"https:\\\/\\\/www.silabtec.com\\\/en\\\/#\\\/schema\\\/logo\\\/image\\\/\",\"url\":\"https:\\\/\\\/www.silabtec.com\\\/wp-content\\\/uploads\\\/2017\\\/03\\\/logo-sinaptec-1.jpg\",\"contentUrl\":\"https:\\\/\\\/www.silabtec.com\\\/wp-content\\\/uploads\\\/2017\\\/03\\\/logo-sinaptec-1.jpg\",\"width\":300,\"height\":104,\"caption\":\"Sinaptec Lab\"},\"image\":{\"@id\":\"https:\\\/\\\/www.silabtec.com\\\/en\\\/#\\\/schema\\\/logo\\\/image\\\/\"}}]}<\/script>\n<!-- \/ Yoast SEO plugin. -->","yoast_head_json":{"title":"Kavitation durch Ultraschall - SilabTec","robots":{"index":"index","follow":"follow","max-snippet":"max-snippet:-1","max-image-preview":"max-image-preview:large","max-video-preview":"max-video-preview:-1"},"canonical":"https:\/\/www.silabtec.com\/de\/la-cavitation\/","og_locale":"de_DE","og_type":"article","og_title":"Kavitation durch Ultraschall - SilabTec","og_description":"[vc_row][vc_column][mk_fancy_title color=&#8220;#009de0&#8243; size=&#8220;25&#8243; font_weight=&#8220;bold&#8220; font_family=&#8220;none&#8220;]Ultraschall in Fl\u00fcssigkeiten: die akustische Kavitation[\/mk_fancy_title][\/vc_column][\/vc_row][vc_row][vc_column width=&#8220;1\/3&#8243;][vc_single_image image=&#8220;375&#8243; img_size=&#8220;full&#8220; css_animation=&#8220;fadeIn&#8220;][\/vc_column][vc_column width=&#8220;2\/3&#8243;][vc_column_text]Die Aktion des Ultraschalls auf fl\u00fcssige Medien beruht auf dem Ph\u00e4nomen der Kavitation: Erzeugung, Wachstum und Implosion von Bl\u00e4schen, die sich formen, wenn eine Fl\u00fcssigkeit einer Druckwelle unterworfen ist. Das Ergebnis ist ein Druckschlag nahe des Bl\u00e4schens und die Erzeugung eines [&hellip;]","og_url":"https:\/\/www.silabtec.com\/de\/la-cavitation\/","og_site_name":"SilabTec","article_modified_time":"2017-08-02T09:01:28+00:00","twitter_card":"summary_large_image","twitter_misc":{"Gesch\u00e4tzte Lesezeit":"1\u00a0Minute"},"schema":{"@context":"https:\/\/schema.org","@graph":[{"@type":"WebPage","@id":"https:\/\/www.silabtec.com\/de\/la-cavitation\/","url":"https:\/\/www.silabtec.com\/de\/la-cavitation\/","name":"Kavitation durch Ultraschall - SilabTec","isPartOf":{"@id":"https:\/\/www.silabtec.com\/en\/#website"},"datePublished":"2017-03-08T16:47:14+00:00","dateModified":"2017-08-02T09:01:28+00:00","breadcrumb":{"@id":"https:\/\/www.silabtec.com\/de\/la-cavitation\/#breadcrumb"},"inLanguage":"de","potentialAction":[{"@type":"ReadAction","target":["https:\/\/www.silabtec.com\/de\/la-cavitation\/"]}]},{"@type":"BreadcrumbList","@id":"https:\/\/www.silabtec.com\/de\/la-cavitation\/#breadcrumb","itemListElement":[{"@type":"ListItem","position":1,"name":"Accueil","item":"https:\/\/www.silabtec.com\/de\/"},{"@type":"ListItem","position":2,"name":"Kavitation durch Ultraschall"}]},{"@type":"WebSite","@id":"https:\/\/www.silabtec.com\/en\/#website","url":"https:\/\/www.silabtec.com\/en\/","name":"SilabTec","description":"La technologie ultrason ma\u00eetris\u00e9e","publisher":{"@id":"https:\/\/www.silabtec.com\/en\/#organization"},"potentialAction":[{"@type":"SearchAction","target":{"@type":"EntryPoint","urlTemplate":"https:\/\/www.silabtec.com\/en\/?s={search_term_string}"},"query-input":{"@type":"PropertyValueSpecification","valueRequired":true,"valueName":"search_term_string"}}],"inLanguage":"de"},{"@type":"Organization","@id":"https:\/\/www.silabtec.com\/en\/#organization","name":"Sinaptec Lab","url":"https:\/\/www.silabtec.com\/en\/","logo":{"@type":"ImageObject","inLanguage":"de","@id":"https:\/\/www.silabtec.com\/en\/#\/schema\/logo\/image\/","url":"https:\/\/www.silabtec.com\/wp-content\/uploads\/2017\/03\/logo-sinaptec-1.jpg","contentUrl":"https:\/\/www.silabtec.com\/wp-content\/uploads\/2017\/03\/logo-sinaptec-1.jpg","width":300,"height":104,"caption":"Sinaptec Lab"},"image":{"@id":"https:\/\/www.silabtec.com\/en\/#\/schema\/logo\/image\/"}}]}},"_links":{"self":[{"href":"https:\/\/www.silabtec.com\/de\/wp-json\/wp\/v2\/pages\/289","targetHints":{"allow":["GET"]}}],"collection":[{"href":"https:\/\/www.silabtec.com\/de\/wp-json\/wp\/v2\/pages"}],"about":[{"href":"https:\/\/www.silabtec.com\/de\/wp-json\/wp\/v2\/types\/page"}],"author":[{"embeddable":true,"href":"https:\/\/www.silabtec.com\/de\/wp-json\/wp\/v2\/users\/1"}],"replies":[{"embeddable":true,"href":"https:\/\/www.silabtec.com\/de\/wp-json\/wp\/v2\/comments?post=289"}],"version-history":[{"count":15,"href":"https:\/\/www.silabtec.com\/de\/wp-json\/wp\/v2\/pages\/289\/revisions"}],"predecessor-version":[{"id":1292,"href":"https:\/\/www.silabtec.com\/de\/wp-json\/wp\/v2\/pages\/289\/revisions\/1292"}],"wp:attachment":[{"href":"https:\/\/www.silabtec.com\/de\/wp-json\/wp\/v2\/media?parent=289"}],"curies":[{"name":"wp","href":"https:\/\/api.w.org\/{rel}","templated":true}]}}