{"id":357,"date":"2017-03-09T10:48:51","date_gmt":"2017-03-09T09:48:51","guid":{"rendered":"http:\/\/sinapteclab.dev4-audace.fr\/mentions-legales\/"},"modified":"2017-09-15T13:46:49","modified_gmt":"2017-09-15T11:46:49","slug":"mentions-legales","status":"publish","type":"page","link":"https:\/\/www.silabtec.com\/de\/mentions-legales\/","title":{"rendered":"RECHTLICHE INFORMATIONEN"},"content":{"rendered":"<div class=\"wpb-content-wrapper\">[vc_row][vc_column][vc_column_text]\n<p><strong>Pr\u00e4ambel<\/strong><\/p>\n<p>Der Internetbenutzer erkennt an, von diesen Erw\u00e4hnungen Kenntnis genommen zu haben.<\/p>\n<p>Der Internetbenutzer erkennt an, die Kompetenz und die notwendigen Mittel zu besitzen, um auf diese Website zuzugreifen und diese zu nutzen.<\/p>\n<p>Die Informationen, die auf dieser Website zur Verf\u00fcgung gestellt werden, dienen lediglich der Information und k\u00f6nnen den Internetbenutzer nicht von einer weiteren und personalisierten Analyse befreien.<\/p>\n<p>Dementsprechend verpflichtet sich der Internetbenutzer, diese Informationen unter seiner ausschlie\u00dflichen Verantwortung zu nutzen.<\/p>\n<p>Diese Website wurde unter Verwendung der Open-Source-L\u00f6sung WordPress 4 (GNU GPL) erstellt.<\/p>\n<p><strong>Direktor der Ver\u00f6ffentlichung<\/strong><\/p>\n<p>Pascal Tierce<br \/>\nHerausgeber: SINAPTEC, 7 AVENUE PIERRE ET MARIE CURIE 59260 LEZENNES<br \/>\nHandelsregister : 32950496300086<\/p>\n<p><strong>Urheberrechte<\/strong><\/p>\n<p>Thema WordPress, angepa\u00dft durch Audace.fr.<br \/>\nAMOA Web und Beratung im Bereich Digitalkommunikationsstrategie: J\u00e9r\u00e9my Delfosse \u2013 Deswarte &amp; Cardinael<br \/>\nWEB-Redaktion: SINAPTEC<\/p>\n<p><strong>Webhoster:<\/strong><\/p>\n<p>Diese Website wird von der Gesellschaft <a href=\"http:\/\/www.ovh.com\/\">OVH<\/a> beherbergt.<br \/>\nSAS mit Stammkapital von 10 059 500 \u20ac<br \/>\nHandelsregister Lille M\u00e9tropole 424 761 419 00045<br \/>\nCode APE 6202A<br \/>\nMwSt-Nr.: FR 22 424 761 419<br \/>\nGesellschaftssitz: 2 rue Kellermann \u2013 59100 Roubaix \u2013 Frankreich.<\/p>\n<p><strong>Vervielf\u00e4ltigungsrecht<\/strong><\/p>\n<p>Alle Inhalte dieser Website unterliegen franz\u00f6sischen, europ\u00e4ischen und internationalen Gesetzen \u00fcber Urheberrecht und geistiges Eigentum.<\/p>\n<p>Alle Rechte der Vervielf\u00e4ltigung von Texten, Bildern und Videos, die auf dieser Website sichtbar sind, sind vorbehalten. Insbesondere kann die Verwendung des Logos nicht ohne vorherige Genehmigung von SINAPTEC erfolgen.<\/p>\n<p><strong>Hypertext-Links<\/strong><\/p>\n<p>Links zu externen Seiten, die von dieser Website aus erstellt werden, unterliegen in keiner Weise der Verantwortung von SINAPTEC, erstens in Bezug auf den Inhalt dieser Websites, die jederzeit ge\u00e4ndert werden k\u00f6nnen, aber auch in Bezug auf die technischen Risiken, die ihre Konsultation verursachen kann.<\/p>\n<p>Durch die Verwendung eines Hyperlinks f\u00fcr den Zugriff auf eine externe Website erkl\u00e4ren Sie sich damit einverstanden, die angesprochenen Risiken einzugehen und direkt oder indirekt Schaden zu erleiden.<\/p>\n<p>Die Erstellung von Hypertext-Links zu dieser Website ist vollst\u00e4ndig genehmigt.<\/p>\n<p><strong>Identifizierung<\/strong><\/p>\n[\/vc_column_text][mk_table]\n<table class=\"mk-fancy-table table-style1\">\n<tbody>\n<tr>\n<td>Firmenname<\/td>\n<td><\/td>\n<td>SINAPTEC<\/td>\n<\/tr>\n<tr>\n<td>Gesellschaftsform und Stammkapital<\/td>\n<td><\/td>\n<td>Vereinfachte Aktiengesellschaft \u2013 215 800,00 \u20ac<\/td>\n<\/tr>\n<tr>\n<td>Verantwortlicher<\/td>\n<td><\/td>\n<td>Herr Pascal TIERCE<\/td>\n<\/tr>\n<tr>\n<td>Gesellschaftsitz<\/td>\n<td><\/td>\n<td>SINAPTEC, 7 AVENUE PIERRE ET MARIE CURIE 59260 LEZENNES<\/td>\n<\/tr>\n<tr>\n<td>Telefon<\/td>\n<td><\/td>\n<td>+33-3.20.61.03.89<\/td>\n<\/tr>\n<\/tbody>\n<\/table>\n[\/mk_table][\/vc_column][\/vc_row]\n<\/div>","protected":false},"excerpt":{"rendered":"<p>[vc_row][vc_column][vc_column_text] Pr\u00e4ambel Der Internetbenutzer erkennt an, von diesen Erw\u00e4hnungen Kenntnis genommen zu haben. Der Internetbenutzer erkennt an, die Kompetenz und die notwendigen Mittel zu besitzen, um auf diese Website zuzugreifen und diese zu nutzen. Die Informationen, die auf dieser Website zur Verf\u00fcgung gestellt werden, dienen lediglich der Information und k\u00f6nnen den Internetbenutzer nicht von einer [&hellip;]<\/p>\n","protected":false},"author":1,"featured_media":0,"parent":0,"menu_order":0,"comment_status":"closed","ping_status":"closed","template":"","meta":{"footnotes":""},"class_list":["post-357","page","type-page","status-publish","hentry"],"yoast_head":"<!-- This site is optimized with the Yoast SEO plugin v27.5 - https:\/\/yoast.com\/product\/yoast-seo-wordpress\/ -->\n<title>RECHTLICHE INFORMATIONEN - SilabTec<\/title>\n<meta name=\"robots\" content=\"index, follow, max-snippet:-1, max-image-preview:large, max-video-preview:-1\" \/>\n<link rel=\"canonical\" href=\"https:\/\/www.silabtec.com\/de\/mentions-legales\/\" \/>\n<meta property=\"og:locale\" content=\"de_DE\" \/>\n<meta property=\"og:type\" content=\"article\" \/>\n<meta property=\"og:title\" content=\"RECHTLICHE INFORMATIONEN - SilabTec\" \/>\n<meta property=\"og:description\" content=\"[vc_row][vc_column][vc_column_text] Pr\u00e4ambel Der Internetbenutzer erkennt an, von diesen Erw\u00e4hnungen Kenntnis genommen zu haben. Der Internetbenutzer erkennt an, die Kompetenz und die notwendigen Mittel zu besitzen, um auf diese Website zuzugreifen und diese zu nutzen. Die Informationen, die auf dieser Website zur Verf\u00fcgung gestellt werden, dienen lediglich der Information und k\u00f6nnen den Internetbenutzer nicht von einer [&hellip;]\" \/>\n<meta property=\"og:url\" content=\"https:\/\/www.silabtec.com\/de\/mentions-legales\/\" \/>\n<meta property=\"og:site_name\" content=\"SilabTec\" \/>\n<meta property=\"article:modified_time\" content=\"2017-09-15T11:46:49+00:00\" \/>\n<meta name=\"twitter:card\" content=\"summary_large_image\" \/>\n<meta name=\"twitter:label1\" content=\"Gesch\u00e4tzte Lesezeit\" \/>\n\t<meta name=\"twitter:data1\" content=\"2\u00a0Minuten\" \/>\n<script type=\"application\/ld+json\" class=\"yoast-schema-graph\">{\"@context\":\"https:\\\/\\\/schema.org\",\"@graph\":[{\"@type\":\"WebPage\",\"@id\":\"https:\\\/\\\/www.silabtec.com\\\/de\\\/mentions-legales\\\/\",\"url\":\"https:\\\/\\\/www.silabtec.com\\\/de\\\/mentions-legales\\\/\",\"name\":\"RECHTLICHE INFORMATIONEN - SilabTec\",\"isPartOf\":{\"@id\":\"https:\\\/\\\/www.silabtec.com\\\/en\\\/#website\"},\"datePublished\":\"2017-03-09T09:48:51+00:00\",\"dateModified\":\"2017-09-15T11:46:49+00:00\",\"breadcrumb\":{\"@id\":\"https:\\\/\\\/www.silabtec.com\\\/de\\\/mentions-legales\\\/#breadcrumb\"},\"inLanguage\":\"de\",\"potentialAction\":[{\"@type\":\"ReadAction\",\"target\":[\"https:\\\/\\\/www.silabtec.com\\\/de\\\/mentions-legales\\\/\"]}]},{\"@type\":\"BreadcrumbList\",\"@id\":\"https:\\\/\\\/www.silabtec.com\\\/de\\\/mentions-legales\\\/#breadcrumb\",\"itemListElement\":[{\"@type\":\"ListItem\",\"position\":1,\"name\":\"Accueil\",\"item\":\"https:\\\/\\\/www.silabtec.com\\\/de\\\/\"},{\"@type\":\"ListItem\",\"position\":2,\"name\":\"RECHTLICHE INFORMATIONEN\"}]},{\"@type\":\"WebSite\",\"@id\":\"https:\\\/\\\/www.silabtec.com\\\/en\\\/#website\",\"url\":\"https:\\\/\\\/www.silabtec.com\\\/en\\\/\",\"name\":\"SilabTec\",\"description\":\"La technologie ultrason ma\u00eetris\u00e9e\",\"publisher\":{\"@id\":\"https:\\\/\\\/www.silabtec.com\\\/en\\\/#organization\"},\"potentialAction\":[{\"@type\":\"SearchAction\",\"target\":{\"@type\":\"EntryPoint\",\"urlTemplate\":\"https:\\\/\\\/www.silabtec.com\\\/en\\\/?s={search_term_string}\"},\"query-input\":{\"@type\":\"PropertyValueSpecification\",\"valueRequired\":true,\"valueName\":\"search_term_string\"}}],\"inLanguage\":\"de\"},{\"@type\":\"Organization\",\"@id\":\"https:\\\/\\\/www.silabtec.com\\\/en\\\/#organization\",\"name\":\"Sinaptec Lab\",\"url\":\"https:\\\/\\\/www.silabtec.com\\\/en\\\/\",\"logo\":{\"@type\":\"ImageObject\",\"inLanguage\":\"de\",\"@id\":\"https:\\\/\\\/www.silabtec.com\\\/en\\\/#\\\/schema\\\/logo\\\/image\\\/\",\"url\":\"https:\\\/\\\/www.silabtec.com\\\/wp-content\\\/uploads\\\/2017\\\/03\\\/logo-sinaptec-1.jpg\",\"contentUrl\":\"https:\\\/\\\/www.silabtec.com\\\/wp-content\\\/uploads\\\/2017\\\/03\\\/logo-sinaptec-1.jpg\",\"width\":300,\"height\":104,\"caption\":\"Sinaptec Lab\"},\"image\":{\"@id\":\"https:\\\/\\\/www.silabtec.com\\\/en\\\/#\\\/schema\\\/logo\\\/image\\\/\"}}]}<\/script>\n<!-- \/ Yoast SEO plugin. -->","yoast_head_json":{"title":"RECHTLICHE INFORMATIONEN - SilabTec","robots":{"index":"index","follow":"follow","max-snippet":"max-snippet:-1","max-image-preview":"max-image-preview:large","max-video-preview":"max-video-preview:-1"},"canonical":"https:\/\/www.silabtec.com\/de\/mentions-legales\/","og_locale":"de_DE","og_type":"article","og_title":"RECHTLICHE INFORMATIONEN - SilabTec","og_description":"[vc_row][vc_column][vc_column_text] Pr\u00e4ambel Der Internetbenutzer erkennt an, von diesen Erw\u00e4hnungen Kenntnis genommen zu haben. Der Internetbenutzer erkennt an, die Kompetenz und die notwendigen Mittel zu besitzen, um auf diese Website zuzugreifen und diese zu nutzen. Die Informationen, die auf dieser Website zur Verf\u00fcgung gestellt werden, dienen lediglich der Information und k\u00f6nnen den Internetbenutzer nicht von einer [&hellip;]","og_url":"https:\/\/www.silabtec.com\/de\/mentions-legales\/","og_site_name":"SilabTec","article_modified_time":"2017-09-15T11:46:49+00:00","twitter_card":"summary_large_image","twitter_misc":{"Gesch\u00e4tzte Lesezeit":"2\u00a0Minuten"},"schema":{"@context":"https:\/\/schema.org","@graph":[{"@type":"WebPage","@id":"https:\/\/www.silabtec.com\/de\/mentions-legales\/","url":"https:\/\/www.silabtec.com\/de\/mentions-legales\/","name":"RECHTLICHE INFORMATIONEN - SilabTec","isPartOf":{"@id":"https:\/\/www.silabtec.com\/en\/#website"},"datePublished":"2017-03-09T09:48:51+00:00","dateModified":"2017-09-15T11:46:49+00:00","breadcrumb":{"@id":"https:\/\/www.silabtec.com\/de\/mentions-legales\/#breadcrumb"},"inLanguage":"de","potentialAction":[{"@type":"ReadAction","target":["https:\/\/www.silabtec.com\/de\/mentions-legales\/"]}]},{"@type":"BreadcrumbList","@id":"https:\/\/www.silabtec.com\/de\/mentions-legales\/#breadcrumb","itemListElement":[{"@type":"ListItem","position":1,"name":"Accueil","item":"https:\/\/www.silabtec.com\/de\/"},{"@type":"ListItem","position":2,"name":"RECHTLICHE INFORMATIONEN"}]},{"@type":"WebSite","@id":"https:\/\/www.silabtec.com\/en\/#website","url":"https:\/\/www.silabtec.com\/en\/","name":"SilabTec","description":"La technologie ultrason ma\u00eetris\u00e9e","publisher":{"@id":"https:\/\/www.silabtec.com\/en\/#organization"},"potentialAction":[{"@type":"SearchAction","target":{"@type":"EntryPoint","urlTemplate":"https:\/\/www.silabtec.com\/en\/?s={search_term_string}"},"query-input":{"@type":"PropertyValueSpecification","valueRequired":true,"valueName":"search_term_string"}}],"inLanguage":"de"},{"@type":"Organization","@id":"https:\/\/www.silabtec.com\/en\/#organization","name":"Sinaptec Lab","url":"https:\/\/www.silabtec.com\/en\/","logo":{"@type":"ImageObject","inLanguage":"de","@id":"https:\/\/www.silabtec.com\/en\/#\/schema\/logo\/image\/","url":"https:\/\/www.silabtec.com\/wp-content\/uploads\/2017\/03\/logo-sinaptec-1.jpg","contentUrl":"https:\/\/www.silabtec.com\/wp-content\/uploads\/2017\/03\/logo-sinaptec-1.jpg","width":300,"height":104,"caption":"Sinaptec Lab"},"image":{"@id":"https:\/\/www.silabtec.com\/en\/#\/schema\/logo\/image\/"}}]}},"_links":{"self":[{"href":"https:\/\/www.silabtec.com\/de\/wp-json\/wp\/v2\/pages\/357","targetHints":{"allow":["GET"]}}],"collection":[{"href":"https:\/\/www.silabtec.com\/de\/wp-json\/wp\/v2\/pages"}],"about":[{"href":"https:\/\/www.silabtec.com\/de\/wp-json\/wp\/v2\/types\/page"}],"author":[{"embeddable":true,"href":"https:\/\/www.silabtec.com\/de\/wp-json\/wp\/v2\/users\/1"}],"replies":[{"embeddable":true,"href":"https:\/\/www.silabtec.com\/de\/wp-json\/wp\/v2\/comments?post=357"}],"version-history":[{"count":4,"href":"https:\/\/www.silabtec.com\/de\/wp-json\/wp\/v2\/pages\/357\/revisions"}],"predecessor-version":[{"id":1390,"href":"https:\/\/www.silabtec.com\/de\/wp-json\/wp\/v2\/pages\/357\/revisions\/1390"}],"wp:attachment":[{"href":"https:\/\/www.silabtec.com\/de\/wp-json\/wp\/v2\/media?parent=357"}],"curies":[{"name":"wp","href":"https:\/\/api.w.org\/{rel}","templated":true}]}}